{"id":1489,"date":"2026-02-14T21:09:31","date_gmt":"2026-02-14T21:09:31","guid":{"rendered":"https:\/\/worldguard.kod-o.com\/?page_id=1489"},"modified":"2026-03-25T19:24:35","modified_gmt":"2026-03-25T19:24:35","slug":"world-guard-hakkinda","status":"publish","type":"page","link":"https:\/\/worldguard.kod-o.com\/index.php\/world-guard-hakkinda\/","title":{"rendered":"World Guard Hakk\u0131nda"},"content":{"rendered":"\n<p>M\u00fc\u015fterilerimizin sahip oldu\u011fu maddi ve manevi de\u011ferleri, birlikte var etti\u011fimiz kaynaklar\u0131 en uygun \u015fekilde kullanarak korumak, kollamak ve g\u00f6zetmek. Hizmetimizin insan ve insana ait de\u011ferlere y\u00f6nelik oldu\u011funun bilinci ile ili\u015fkilerimizi insana sayg\u0131n\u0131n gerektirdi\u011fi nezaket ve g\u00f6revin gerektirdi\u011fi ciddiyet olgusuyla d\u00fczenlemek ve uygulamak. G\u00fcvenlik hizmetinin hi\u00e7 bitmeyen, t\u00fcketilemeyen s\u00fcreklili\u011fi ile aral\u0131ks\u0131z devam eden bir i\u015f oldu\u011fu ve bu \u00f6zelli\u011fi nedeniyle uluslararas\u0131 kalite standard\u0131n\u0131n ortaya koydu\u011fu s\u00fcrekli iyile\u015ftirme felsefesi \u0131\u015f\u0131\u011f\u0131nda, kalitenin de her an var olmas\u0131 gereklili\u011fini prensip edinmek.<\/p>\n\n\n\n<p>\u00d6zel g\u00fcvenlik g\u00f6revlisi, \u00f6zel g\u00fcvenlik ekipmanlar\u0131, g\u00fcvenlik teknolojisi ve bilgisinin bir araya getirilmesiyle yaratt\u0131\u011f\u0131m\u0131z g\u00fcvenlik tak\u0131m\u0131n\u0131n uyum i\u00e7erisinde \u00e7al\u0131\u015fmas\u0131yla yarataca\u011f\u0131 sinerji ile WORLD GUARD G\u00dcVENL\u0130K kalitesi ve m\u00fc\u015fteri memnuniyetinin devaml\u0131l\u0131\u011f\u0131n\u0131 koruyarak, huzur ve g\u00fcven i\u00e7inde ya\u015fanan ortamlar sa\u011flamak. G\u00f6rev alan\u0131na ve g\u00f6reve y\u00f6nelik tehditlerin yarataca\u011f\u0131 riskleri; hizmetin \u00f6ncesinde, devam\u0131nda ve sonras\u0131nda her an analiz ederek<br>en uygun \u00e7\u00f6z\u00fcmleri \u00fcretmek suretiyle s\u00fcrekli iyile\u015ftirmek, Firmam\u0131z\u0131n temel \u00e7al\u0131\u015fma ilkeleridir.<\/p>\n","protected":false},"excerpt":{"rendered":"<p>M\u00fc\u015fterilerimizin sahip oldu\u011fu maddi ve manevi de\u011ferleri, birlikte var etti\u011fimiz kaynaklar\u0131 en uygun \u015fekilde kullanarak korumak, kollamak ve g\u00f6zetmek. Hizmetimizin insan ve insana ait de\u011ferlere y\u00f6nelik oldu\u011funun bilinci ile ili\u015fkilerimizi &#8230;<\/p>\n","protected":false},"author":1,"featured_media":0,"parent":0,"menu_order":0,"comment_status":"closed","ping_status":"closed","template":"template-fullwidth.php","meta":{"footnotes":""},"class_list":["post-1489","page","type-page","status-publish","hentry"],"_links":{"self":[{"href":"https:\/\/worldguard.kod-o.com\/index.php\/wp-json\/wp\/v2\/pages\/1489","targetHints":{"allow":["GET"]}}],"collection":[{"href":"https:\/\/worldguard.kod-o.com\/index.php\/wp-json\/wp\/v2\/pages"}],"about":[{"href":"https:\/\/worldguard.kod-o.com\/index.php\/wp-json\/wp\/v2\/types\/page"}],"author":[{"embeddable":true,"href":"https:\/\/worldguard.kod-o.com\/index.php\/wp-json\/wp\/v2\/users\/1"}],"replies":[{"embeddable":true,"href":"https:\/\/worldguard.kod-o.com\/index.php\/wp-json\/wp\/v2\/comments?post=1489"}],"version-history":[{"count":1,"href":"https:\/\/worldguard.kod-o.com\/index.php\/wp-json\/wp\/v2\/pages\/1489\/revisions"}],"predecessor-version":[{"id":1490,"href":"https:\/\/worldguard.kod-o.com\/index.php\/wp-json\/wp\/v2\/pages\/1489\/revisions\/1490"}],"wp:attachment":[{"href":"https:\/\/worldguard.kod-o.com\/index.php\/wp-json\/wp\/v2\/media?parent=1489"}],"curies":[{"name":"wp","href":"https:\/\/api.w.org\/{rel}","templated":true}]}}