{"id":1492,"date":"2026-02-14T21:13:25","date_gmt":"2026-02-14T21:13:25","guid":{"rendered":"https:\/\/worldguard.kod-o.com\/?page_id=1492"},"modified":"2026-03-25T19:22:48","modified_gmt":"2026-03-25T19:22:48","slug":"misyon-vizyon","status":"publish","type":"page","link":"https:\/\/worldguard.kod-o.com\/index.php\/misyon-vizyon\/","title":{"rendered":"Misyon &amp; Vizyon"},"content":{"rendered":"\n<h4 class=\"wp-block-heading\">M\u0130SYONUMUZ<\/h4>\n\n\n\n<p>5188 Say\u0131l\u0131 \u00d6zel G\u00fcvenlik Hizmetleri\u2019ne dair kanun ve ikincil mevzuat h\u00fck\u00fcmleri i\u00e7inde WORLD GUARD G\u00dcVENL\u0130K kalite ve de\u011ferlerini muhafaza ederek kaynaklar\u0131n\u0131 verimli kullanmak suretiyle optimum maliyetlerle hizmet \u00fcretmek, m\u00fc\u015fteri ile sadakat ba\u011f\u0131 kurmak ve sekt\u00f6r\u00fcn \u00f6nc\u00fcs\u00fc olmak.<\/p>\n\n\n\n<h4 class=\"wp-block-heading\">V\u0130ZYONUMUZ<\/h4>\n\n\n\n<p>Ki\u015fi ya da kurum \/ kurulu\u015flar\u0131n sahip olduklar\u0131 maddi ve manevi de\u011ferleri, elindeki kaynak ve ara\u00e7lar\u0131 verimli bir \u015fekilde kullanmak. Kaliteden \u00f6d\u00fcn vermeden m\u00fc\u015fteri memnuniyetini \u00fcst d\u00fczeyde tutarak g\u00f6zetmek, korumak ve kollamak, uluslararas\u0131 standartlarda g\u00fcvenlik hizmeti \u00fcretmektir.<\/p>\n","protected":false},"excerpt":{"rendered":"<p>M\u0130SYONUMUZ 5188 Say\u0131l\u0131 \u00d6zel G\u00fcvenlik Hizmetleri\u2019ne dair kanun ve ikincil mevzuat h\u00fck\u00fcmleri i\u00e7inde WORLD GUARD G\u00dcVENL\u0130K kalite ve de\u011ferlerini muhafaza ederek kaynaklar\u0131n\u0131 verimli kullanmak suretiyle optimum maliyetlerle hizmet \u00fcretmek, m\u00fc\u015fteri &#8230;<\/p>\n","protected":false},"author":1,"featured_media":0,"parent":0,"menu_order":0,"comment_status":"closed","ping_status":"closed","template":"template-fullwidth.php","meta":{"footnotes":""},"class_list":["post-1492","page","type-page","status-publish","hentry"],"_links":{"self":[{"href":"https:\/\/worldguard.kod-o.com\/index.php\/wp-json\/wp\/v2\/pages\/1492","targetHints":{"allow":["GET"]}}],"collection":[{"href":"https:\/\/worldguard.kod-o.com\/index.php\/wp-json\/wp\/v2\/pages"}],"about":[{"href":"https:\/\/worldguard.kod-o.com\/index.php\/wp-json\/wp\/v2\/types\/page"}],"author":[{"embeddable":true,"href":"https:\/\/worldguard.kod-o.com\/index.php\/wp-json\/wp\/v2\/users\/1"}],"replies":[{"embeddable":true,"href":"https:\/\/worldguard.kod-o.com\/index.php\/wp-json\/wp\/v2\/comments?post=1492"}],"version-history":[{"count":2,"href":"https:\/\/worldguard.kod-o.com\/index.php\/wp-json\/wp\/v2\/pages\/1492\/revisions"}],"predecessor-version":[{"id":1494,"href":"https:\/\/worldguard.kod-o.com\/index.php\/wp-json\/wp\/v2\/pages\/1492\/revisions\/1494"}],"wp:attachment":[{"href":"https:\/\/worldguard.kod-o.com\/index.php\/wp-json\/wp\/v2\/media?parent=1492"}],"curies":[{"name":"wp","href":"https:\/\/api.w.org\/{rel}","templated":true}]}}