{"id":1499,"date":"2026-02-14T21:26:38","date_gmt":"2026-02-14T21:26:38","guid":{"rendered":"https:\/\/worldguard.kod-o.com\/?page_id=1499"},"modified":"2026-03-25T19:22:42","modified_gmt":"2026-03-25T19:22:42","slug":"kvkk-aydinlatma-metni","status":"publish","type":"page","link":"https:\/\/worldguard.kod-o.com\/index.php\/kvkk-aydinlatma-metni\/","title":{"rendered":"KVKK Ayd\u0131nlatma Metni"},"content":{"rendered":"\n<h1 class=\"wp-block-heading\">K\u0130\u015e\u0130SEL VER\u0130LER\u0130N KORUNMASI POL\u0130T\u0130KASI<\/h1>\n\n\n\n<p>World Guard G\u00fcvenlik ve Koruma (bundan sonra \u201c\u015eirket\u201d olarak an\u0131lacakt\u0131r), ki\u015fisel verilerin korunmas\u0131n\u0131 Anayasa\u2019dan do\u011fan temel bir hak olarak kabul eder. \u015eirket, ki\u015fisel verilerin hukuka uygun \u015fekilde i\u015flenmesi ve korunmas\u0131n\u0131 en \u00f6nemli kurumsal sorumluluklar\u0131ndan biri olarak benimsemektedir.<\/p>\n\n\n\n<hr class=\"wp-block-separator has-alpha-channel-opacity\"\/>\n\n\n\n<h2 class=\"wp-block-heading\">1. Ama\u00e7<\/h2>\n\n\n\n<p>Bu Politika\u2019n\u0131n amac\u0131, \u015eirket taraf\u0131ndan ki\u015fisel verilerin i\u015flenmesi ve korunmas\u0131 s\u00fcre\u00e7lerinde benimsenen ilke, esas ve uygulamalar\u0131n belirlenmesidir.<\/p>\n\n\n\n<hr class=\"wp-block-separator has-alpha-channel-opacity\"\/>\n\n\n\n<h2 class=\"wp-block-heading\">2. Kapsam<\/h2>\n\n\n\n<p>Bu Politika; \u015eirket taraf\u0131ndan tamamen veya k\u0131smen otomatik olan ya da herhangi bir veri kay\u0131t sisteminin par\u00e7as\u0131 olmak kayd\u0131yla otomatik olmayan yollarla i\u015flenen t\u00fcm ki\u015fisel verilere ili\u015fkindir.<\/p>\n\n\n\n<p>Politika; \u015eirket ortaklar\u0131n\u0131n, yetkililerinin, \u00e7al\u0131\u015fanlar\u0131n\u0131n, m\u00fc\u015fterilerinin, tedarik\u00e7ilerinin ve \u00fc\u00e7\u00fcnc\u00fc ki\u015filerin i\u015flenen ki\u015fisel verilerini kapsar.<\/p>\n\n\n\n<p>\u015eirket, mevzuat de\u011fi\u015fiklikleri ve Ki\u015fisel Verileri Koruma Kurulu kararlar\u0131 do\u011frultusunda bu Politika\u2019da de\u011fi\u015fiklik yapma hakk\u0131n\u0131 sakl\u0131 tutar.<\/p>\n\n\n\n<hr class=\"wp-block-separator has-alpha-channel-opacity\"\/>\n\n\n\n<h2 class=\"wp-block-heading\">3. Tan\u0131mlar<\/h2>\n\n\n\n<p>Bu Politika\u2019da ge\u00e7en;<\/p>\n\n\n\n<p><strong>Kanun (KVKK):<\/strong> 6698 say\u0131l\u0131 Ki\u015fisel Verilerin Korunmas\u0131 Kanunu\u2019nu,<br><strong>Ki\u015fisel Veri:<\/strong> Kimli\u011fi belirli veya belirlenebilir ger\u00e7ek ki\u015fiye ili\u015fkin her t\u00fcrl\u00fc bilgiyi,<br><strong>\u00d6zel Nitelikli Ki\u015fisel Veri:<\/strong> Kanun\u2019da s\u0131n\u0131rl\u0131 say\u0131da belirtilen hassas nitelikli verileri,<br><strong>Veri Sorumlusu:<\/strong> Ki\u015fisel verilerin i\u015fleme ama\u00e7 ve vas\u0131talar\u0131n\u0131 belirleyen ger\u00e7ek veya t\u00fczel ki\u015fiyi,<br><strong>Veri \u0130\u015fleyen:<\/strong> Veri sorumlusunun verdi\u011fi yetkiye dayanarak onun ad\u0131na ki\u015fisel veri i\u015fleyen ger\u00e7ek veya t\u00fczel ki\u015fiyi,<br>ifade eder.<\/p>\n\n\n\n<hr class=\"wp-block-separator has-alpha-channel-opacity\"\/>\n\n\n\n<h2 class=\"wp-block-heading\">4. Genel \u0130lkeler<\/h2>\n\n\n\n<p>\u015eirket ki\u015fisel verileri i\u015flerken a\u015fa\u011f\u0131daki ilkelere uyar:<\/p>\n\n\n\n<ul class=\"wp-block-list\">\n<li>Hukuka ve d\u00fcr\u00fcstl\u00fck kurallar\u0131na uygun olma<\/li>\n\n\n\n<li>Do\u011fru ve gerekti\u011finde g\u00fcncel olma<\/li>\n\n\n\n<li>Belirli, a\u00e7\u0131k ve me\u015fru ama\u00e7larla i\u015flenme<\/li>\n\n\n\n<li>\u0130\u015flendikleri ama\u00e7la ba\u011flant\u0131l\u0131, s\u0131n\u0131rl\u0131 ve \u00f6l\u00e7\u00fcl\u00fc olma<\/li>\n\n\n\n<li>\u0130lgili mevzuatta \u00f6ng\u00f6r\u00fclen veya i\u015flendikleri ama\u00e7 i\u00e7in gerekli s\u00fcre kadar muhafaza edilme<\/li>\n<\/ul>\n\n\n\n<hr class=\"wp-block-separator has-alpha-channel-opacity\"\/>\n\n\n\n<h2 class=\"wp-block-heading\">5. Veri G\u00fcvenli\u011fi<\/h2>\n\n\n\n<p>\u015eirket;<\/p>\n\n\n\n<ul class=\"wp-block-list\">\n<li>Ki\u015fisel verilerin hukuka ayk\u0131r\u0131 i\u015flenmesini \u00f6nlemek,<\/li>\n\n\n\n<li>Ki\u015fisel verilere hukuka ayk\u0131r\u0131 eri\u015fimi engellemek,<\/li>\n\n\n\n<li>Ki\u015fisel verilerin muhafazas\u0131n\u0131 sa\u011flamak<\/li>\n<\/ul>\n\n\n\n<p>amac\u0131yla gerekli teknik ve idari tedbirleri almaktad\u0131r.<\/p>\n\n\n\n<p>Bu kapsamda; eri\u015fim kontrol\u00fc, yetkilendirme, \u015fifreleme, g\u00fcvenlik duvar\u0131 kullan\u0131m\u0131, log kay\u0131tlar\u0131n\u0131n tutulmas\u0131, \u00e7al\u0131\u015fanlara y\u00f6nelik KVKK e\u011fitimleri ve gizlilik taahh\u00fctnameleri gibi \u00f6nlemler uygulanmaktad\u0131r.<\/p>\n\n\n\n<hr class=\"wp-block-separator has-alpha-channel-opacity\"\/>\n\n\n\n<h2 class=\"wp-block-heading\">6. \u0130lgili Ki\u015finin Haklar\u0131<\/h2>\n\n\n\n<p>\u0130lgili ki\u015filer Kanun\u2019un 11. maddesi kapsam\u0131nda \u015eirket\u2019e ba\u015fvurarak;<\/p>\n\n\n\n<ul class=\"wp-block-list\">\n<li>Ki\u015fisel verilerinin i\u015flenip i\u015flenmedi\u011fini \u00f6\u011frenme<\/li>\n\n\n\n<li>\u0130\u015flenmi\u015fse buna ili\u015fkin bilgi talep etme<\/li>\n\n\n\n<li>\u0130\u015fleme amac\u0131n\u0131 \u00f6\u011frenme<\/li>\n\n\n\n<li>Aktar\u0131ld\u0131\u011f\u0131 \u00fc\u00e7\u00fcnc\u00fc ki\u015fileri \u00f6\u011frenme<\/li>\n\n\n\n<li>Eksik veya yanl\u0131\u015f i\u015flenmi\u015fse d\u00fczeltilmesini isteme<\/li>\n\n\n\n<li>Silinmesini veya yok edilmesini isteme<\/li>\n\n\n\n<li>Zarara u\u011framas\u0131 halinde tazminat talep etme<\/li>\n<\/ul>\n\n\n\n<p>haklar\u0131na sahiptir.<\/p>\n\n\n\n<hr class=\"wp-block-separator has-alpha-channel-opacity\"\/>\n\n\n\n<h2 class=\"wp-block-heading\">7. \u0130hlal Bildirimi<\/h2>\n\n\n\n<p>Ki\u015fisel verilerin hukuka ayk\u0131r\u0131 \u015fekilde \u00fc\u00e7\u00fcnc\u00fc ki\u015filerce elde edilmesi halinde \u015eirket, durumu en k\u0131sa s\u00fcrede ilgilisine ve Ki\u015fisel Verileri Koruma Kurulu\u2019na bildirir.<\/p>\n\n\n\n<hr class=\"wp-block-separator has-alpha-channel-opacity\"\/>\n\n\n\n<h2 class=\"wp-block-heading\">8. Y\u00fcr\u00fcrl\u00fck<\/h2>\n\n\n\n<p>Bu Politika yay\u0131m tarihi itibar\u0131yla y\u00fcr\u00fcrl\u00fc\u011fe girer. \u015eirket gerekli g\u00f6rd\u00fc\u011f\u00fc durumlarda Politika\u2019da de\u011fi\u015fiklik yapabilir.<\/p>\n","protected":false},"excerpt":{"rendered":"<p>K\u0130\u015e\u0130SEL VER\u0130LER\u0130N KORUNMASI POL\u0130T\u0130KASI World Guard G\u00fcvenlik ve Koruma (bundan sonra \u201c\u015eirket\u201d olarak an\u0131lacakt\u0131r), ki\u015fisel verilerin korunmas\u0131n\u0131 Anayasa\u2019dan do\u011fan temel bir hak olarak kabul eder. \u015eirket, ki\u015fisel verilerin hukuka uygun &#8230;<\/p>\n","protected":false},"author":1,"featured_media":0,"parent":0,"menu_order":0,"comment_status":"closed","ping_status":"closed","template":"template-fullwidth.php","meta":{"footnotes":""},"class_list":["post-1499","page","type-page","status-publish","hentry"],"_links":{"self":[{"href":"https:\/\/worldguard.kod-o.com\/index.php\/wp-json\/wp\/v2\/pages\/1499","targetHints":{"allow":["GET"]}}],"collection":[{"href":"https:\/\/worldguard.kod-o.com\/index.php\/wp-json\/wp\/v2\/pages"}],"about":[{"href":"https:\/\/worldguard.kod-o.com\/index.php\/wp-json\/wp\/v2\/types\/page"}],"author":[{"embeddable":true,"href":"https:\/\/worldguard.kod-o.com\/index.php\/wp-json\/wp\/v2\/users\/1"}],"replies":[{"embeddable":true,"href":"https:\/\/worldguard.kod-o.com\/index.php\/wp-json\/wp\/v2\/comments?post=1499"}],"version-history":[{"count":1,"href":"https:\/\/worldguard.kod-o.com\/index.php\/wp-json\/wp\/v2\/pages\/1499\/revisions"}],"predecessor-version":[{"id":1500,"href":"https:\/\/worldguard.kod-o.com\/index.php\/wp-json\/wp\/v2\/pages\/1499\/revisions\/1500"}],"wp:attachment":[{"href":"https:\/\/worldguard.kod-o.com\/index.php\/wp-json\/wp\/v2\/media?parent=1499"}],"curies":[{"name":"wp","href":"https:\/\/api.w.org\/{rel}","templated":true}]}}