{"id":1510,"date":"2026-02-14T21:40:10","date_gmt":"2026-02-14T21:40:10","guid":{"rendered":"https:\/\/worldguard.kod-o.com\/?page_id=1510"},"modified":"2026-03-25T19:21:46","modified_gmt":"2026-03-25T19:21:46","slug":"guvenlik-ve-koruma-planlamasi","status":"publish","type":"page","link":"https:\/\/worldguard.kod-o.com\/index.php\/guvenlik-ve-koruma-planlamasi\/","title":{"rendered":"G\u00fcvenlik ve Koruma Planlamas\u0131"},"content":{"rendered":"\n<p>Kurumlar\u0131n korunmas\u0131 ve g\u00fcvenli\u011fin sa\u011flanmas\u0131na y\u00f6nelik olarak, 5188 say\u0131l\u0131 \u00d6zel G\u00fcvenlik Hizmetlerine Dair Kanun\u2019un 12. maddesi uyar\u0131nca koruma ve g\u00fcvenlik planlar\u0131n\u0131n haz\u0131rlanmas\u0131 gerekmektedir.<\/p>\n\n\n\n<p>Tehdit de\u011ferlendirmesi ve risk analizlerinden elde edilen veriler do\u011frultusunda, kurumunuzun ihtiya\u00e7lar\u0131na uygun koruma ve g\u00fcvenlik planlar\u0131 olu\u015fturulmaktad\u0131r.<\/p>\n\n\n\n<p><strong>World Guard G\u00fcvenlik ve Koruma<\/strong>, yap\u0131lan detayl\u0131 saha incelemeleri sonras\u0131nda haz\u0131rlanan koruma ve g\u00fcvenlik planlar\u0131n\u0131, ilgili mevzuat kapsam\u0131nda ba\u011fl\u0131 bulunulan il s\u0131n\u0131rlar\u0131ndaki Valili\u011fe sunmakta ve ba\u015fvuru s\u00fcre\u00e7lerinin takibini ger\u00e7ekle\u015ftirmektedir.<\/p>\n\n\n\n<p>Koruma ve g\u00fcvenlik plan\u0131 haz\u0131rlan\u0131rken; kurumun faaliyet alan\u0131, \u00fcretti\u011fi mal veya hizmetin niteli\u011fi, bulundu\u011fu b\u00f6lgenin co\u011frafi \u015fartlar\u0131, kolluk kuvvetlerine olan mesafesi, stratejik \u00f6nemi ve risk d\u00fczeyi gibi unsurlar kapsaml\u0131 \u015fekilde de\u011ferlendirilerek plana dahil edilmektedir.<\/p>\n\n\n\n<p><\/p>\n","protected":false},"excerpt":{"rendered":"<p>Kurumlar\u0131n korunmas\u0131 ve g\u00fcvenli\u011fin sa\u011flanmas\u0131na y\u00f6nelik olarak, 5188 say\u0131l\u0131 \u00d6zel G\u00fcvenlik Hizmetlerine Dair Kanun\u2019un 12. maddesi uyar\u0131nca koruma ve g\u00fcvenlik planlar\u0131n\u0131n haz\u0131rlanmas\u0131 gerekmektedir. Tehdit de\u011ferlendirmesi ve risk analizlerinden elde edilen &#8230;<\/p>\n","protected":false},"author":1,"featured_media":0,"parent":0,"menu_order":0,"comment_status":"closed","ping_status":"closed","template":"template-fullwidth.php","meta":{"footnotes":""},"class_list":["post-1510","page","type-page","status-publish","hentry"],"_links":{"self":[{"href":"https:\/\/worldguard.kod-o.com\/index.php\/wp-json\/wp\/v2\/pages\/1510","targetHints":{"allow":["GET"]}}],"collection":[{"href":"https:\/\/worldguard.kod-o.com\/index.php\/wp-json\/wp\/v2\/pages"}],"about":[{"href":"https:\/\/worldguard.kod-o.com\/index.php\/wp-json\/wp\/v2\/types\/page"}],"author":[{"embeddable":true,"href":"https:\/\/worldguard.kod-o.com\/index.php\/wp-json\/wp\/v2\/users\/1"}],"replies":[{"embeddable":true,"href":"https:\/\/worldguard.kod-o.com\/index.php\/wp-json\/wp\/v2\/comments?post=1510"}],"version-history":[{"count":1,"href":"https:\/\/worldguard.kod-o.com\/index.php\/wp-json\/wp\/v2\/pages\/1510\/revisions"}],"predecessor-version":[{"id":1513,"href":"https:\/\/worldguard.kod-o.com\/index.php\/wp-json\/wp\/v2\/pages\/1510\/revisions\/1513"}],"wp:attachment":[{"href":"https:\/\/worldguard.kod-o.com\/index.php\/wp-json\/wp\/v2\/media?parent=1510"}],"curies":[{"name":"wp","href":"https:\/\/api.w.org\/{rel}","templated":true}]}}