{"id":1517,"date":"2026-02-14T21:44:03","date_gmt":"2026-02-14T21:44:03","guid":{"rendered":"https:\/\/worldguard.kod-o.com\/?page_id=1517"},"modified":"2026-03-25T19:23:33","modified_gmt":"2026-03-25T19:23:33","slug":"personelli-ozel-guvenlik-hizmeti","status":"publish","type":"page","link":"https:\/\/worldguard.kod-o.com\/index.php\/personelli-ozel-guvenlik-hizmeti\/","title":{"rendered":"Personelli \u00d6zel G\u00fcvenlik Hizmeti"},"content":{"rendered":"\n<p><strong>World Guard G\u00fcvenlik ve Koruma<\/strong>, 5188 say\u0131l\u0131 \u00d6zel G\u00fcvenlik Hizmetlerine Dair Kanun h\u00fck\u00fcmlerine uygun olarak, \u00f6zel g\u00fcvenlik kimlik kart\u0131na sahip personeli ve alan\u0131nda uzman y\u00f6netim kadrosu ile personelli \u00f6zel g\u00fcvenlik hizmeti sunmaktad\u0131r.<\/p>\n\n\n\n<p>G\u00fcvenlik hizmeti verilecek alanlarda \u00f6ncelikle fiziki ve elektronik g\u00fcvenlik gereksinimleri belirlenmekte; ger\u00e7ekle\u015ftirilen risk analizleri do\u011frultusunda uygun g\u00fcvenlik yap\u0131lanmas\u0131 ve personel planlamas\u0131 olu\u015fturulmaktad\u0131r.<\/p>\n\n\n\n<p>Haz\u0131rlanan risk analizleri kapsam\u0131nda kurumun faaliyet alan\u0131, \u00e7al\u0131\u015fma ortam\u0131n\u0131n yap\u0131s\u0131 ve olas\u0131 tehdit unsurlar\u0131 detayl\u0131 \u015fekilde de\u011ferlendirilerek s\u0131n\u0131fland\u0131r\u0131lmaktad\u0131r. Bu de\u011ferlendirmeler do\u011frultusunda g\u00fcvenlik personeline, belirlenen risk seviyelerine uygun teorik ve uygulamal\u0131 mesleki e\u011fitimler verilmektedir.<\/p>\n\n\n\n<p>World Guard G\u00fcvenlik ve Koruma, yaln\u0131zca kendi g\u00fcvenlik ekiplerine de\u011fil, hizmet verilen kurumlar\u0131n \u00e7al\u0131\u015fanlar\u0131na da g\u00fcvenlik politikalar\u0131 ve olu\u015fturulan g\u00fcvenlik sistemleri hakk\u0131nda bilgilendirme ve fark\u0131ndal\u0131k e\u011fitimleri sunmaktad\u0131r.<\/p>\n\n\n\n<p>Kurumlar ve al\u0131\u015fveri\u015f merkezleri gibi umuma a\u00e7\u0131k alanlarda g\u00fcvenlik g\u00f6revlileri, ziyaret\u00e7ilerle ilk temas noktas\u0131d\u0131r. E\u011fitimli g\u00fcvenlik personelimiz, m\u00fc\u015fteri memnuniyetinin ve kurumsal temsilin bilinciyle g\u00f6rev yapmaktad\u0131r.<\/p>\n\n\n\n<p>Hizmet verilen sahalarda g\u00f6rev yapan g\u00fcvenlik personeli ve y\u00f6neticiler; planl\u0131 ve plans\u0131z denetimlere tabi tutulmaktad\u0131r. Bu denetimler sayesinde personelin mesleki yeterlili\u011fi, g\u00f6rev alan\u0131na h\u00e2kimiyeti ve disiplin d\u00fczeyi s\u00fcrekli olarak de\u011ferlendirilmekte; sunulan hizmet kalitesinde s\u00fcreklilik sa\u011flanmaktad\u0131r.<\/p>\n","protected":false},"excerpt":{"rendered":"<p>World Guard G\u00fcvenlik ve Koruma, 5188 say\u0131l\u0131 \u00d6zel G\u00fcvenlik Hizmetlerine Dair Kanun h\u00fck\u00fcmlerine uygun olarak, \u00f6zel g\u00fcvenlik kimlik kart\u0131na sahip personeli ve alan\u0131nda uzman y\u00f6netim kadrosu ile personelli \u00f6zel g\u00fcvenlik &#8230;<\/p>\n","protected":false},"author":1,"featured_media":0,"parent":0,"menu_order":0,"comment_status":"closed","ping_status":"closed","template":"template-fullwidth.php","meta":{"footnotes":""},"class_list":["post-1517","page","type-page","status-publish","hentry"],"_links":{"self":[{"href":"https:\/\/worldguard.kod-o.com\/index.php\/wp-json\/wp\/v2\/pages\/1517","targetHints":{"allow":["GET"]}}],"collection":[{"href":"https:\/\/worldguard.kod-o.com\/index.php\/wp-json\/wp\/v2\/pages"}],"about":[{"href":"https:\/\/worldguard.kod-o.com\/index.php\/wp-json\/wp\/v2\/types\/page"}],"author":[{"embeddable":true,"href":"https:\/\/worldguard.kod-o.com\/index.php\/wp-json\/wp\/v2\/users\/1"}],"replies":[{"embeddable":true,"href":"https:\/\/worldguard.kod-o.com\/index.php\/wp-json\/wp\/v2\/comments?post=1517"}],"version-history":[{"count":1,"href":"https:\/\/worldguard.kod-o.com\/index.php\/wp-json\/wp\/v2\/pages\/1517\/revisions"}],"predecessor-version":[{"id":1518,"href":"https:\/\/worldguard.kod-o.com\/index.php\/wp-json\/wp\/v2\/pages\/1517\/revisions\/1518"}],"wp:attachment":[{"href":"https:\/\/worldguard.kod-o.com\/index.php\/wp-json\/wp\/v2\/media?parent=1517"}],"curies":[{"name":"wp","href":"https:\/\/api.w.org\/{rel}","templated":true}]}}