{"id":1527,"date":"2026-02-14T21:49:50","date_gmt":"2026-02-14T21:49:50","guid":{"rendered":"https:\/\/worldguard.kod-o.com\/?page_id=1527"},"modified":"2026-03-25T19:19:12","modified_gmt":"2026-03-25T19:19:12","slug":"avm-guvenlik-hizmeti","status":"publish","type":"page","link":"https:\/\/worldguard.kod-o.com\/index.php\/avm-guvenlik-hizmeti\/","title":{"rendered":"AVM G\u00fcvenlik Hizmeti"},"content":{"rendered":"\n<p>Al\u0131\u015fveri\u015f merkezleri, g\u00fcn\u00fcm\u00fcz \u015fehir ya\u015fam\u0131nda \u00f6nemli bir yer tutan ticaret ve e\u011flence alanlar\u0131d\u0131r. Bu b\u00fcy\u00fck yap\u0131lar, birbirine entegre ma\u011fazalar, otoparklar, sinema salonlar\u0131, s\u00fcpermarketler, spor salonlar\u0131, yap\u0131 marketleri ve yiyecek katlar\u0131 gibi b\u00f6l\u00fcmlerle s\u00fcrekli olarak b\u00fcy\u00fcmektedir.<\/p>\n\n\n\n<p><strong>World Guard G\u00fcvenlik ve Koruma<\/strong>, AVM g\u00fcvenli\u011fi hizmetlerinde; giri\u015f-\u00e7\u0131k\u0131\u015f kontrolleri, otopark g\u00fcvenli\u011fi, kat g\u00fcvenli\u011fi, ma\u011faza g\u00fcvenli\u011fi, AVM \u00e7evresinin g\u00fcvenli\u011fi, sinema ve spor salonlar\u0131n\u0131n g\u00fcvenli\u011fi, ziyaret\u00e7i g\u00fcvenli\u011fi ve ma\u011faza personelinin g\u00fcvenli\u011fini sa\u011flamak \u00fczere 5188 say\u0131l\u0131 \u00d6zel G\u00fcvenlik Hizmetlerine Dair Kanun ve ilgili y\u00f6netmeliklere uygun olarak hizmet sunmaktad\u0131r. Hizmetler, alan\u0131nda uzman g\u00fcvenlik personeli ve deneyimli y\u00f6netim kadrosu taraf\u0131ndan y\u00fcr\u00fct\u00fclmektedir.<\/p>\n\n\n\n<p>AVM g\u00fcvenli\u011fi, al\u0131\u015fveri\u015f ve e\u011flence deneyimini olumsuz etkileyebilecek olaylara kar\u015f\u0131 bilin\u00e7li olmay\u0131, sahadaki g\u00fcvenlik personeli ile s\u00fcrekli ileti\u015fimde olmay\u0131 ve d\u00fczenli g\u00f6zlem yapmay\u0131 gerektirir. Bu kapsamda, risk ve tehdit olu\u015fturabilecek ki\u015fi veya gruplara kar\u015f\u0131 s\u00fcrekli izleme, gerekti\u011finde uyar\u0131 ve m\u00fcdahale gibi \u00f6nleyici tedbirler uygulanmaktad\u0131r.<\/p>\n\n\n\n<p>Hizmet verdi\u011fimiz al\u0131\u015fveri\u015f merkezlerinde g\u00f6rev yapan g\u00fcvenlik personeli ve y\u00f6neticiler, planl\u0131 ve plans\u0131z denetimlere tabi tutulmaktad\u0131r. Bu denetimler sayesinde personelin mesleki yeterlili\u011fi, sahadaki bilgi h\u00e2kimiyeti ve g\u00f6revine olan ba\u011fl\u0131l\u0131\u011f\u0131 s\u00fcrekli olarak kontrol edilmekte; g\u00fcvenlik hizmetlerinin kal\u0131c\u0131l\u0131\u011f\u0131 ve kalitesi sa\u011flanmaktad\u0131r.<\/p>\n\n\n\n<p><\/p>\n","protected":false},"excerpt":{"rendered":"<p>Al\u0131\u015fveri\u015f merkezleri, g\u00fcn\u00fcm\u00fcz \u015fehir ya\u015fam\u0131nda \u00f6nemli bir yer tutan ticaret ve e\u011flence alanlar\u0131d\u0131r. Bu b\u00fcy\u00fck yap\u0131lar, birbirine entegre ma\u011fazalar, otoparklar, sinema salonlar\u0131, s\u00fcpermarketler, spor salonlar\u0131, yap\u0131 marketleri ve yiyecek katlar\u0131 &#8230;<\/p>\n","protected":false},"author":1,"featured_media":0,"parent":0,"menu_order":0,"comment_status":"closed","ping_status":"closed","template":"template-fullwidth.php","meta":{"footnotes":""},"class_list":["post-1527","page","type-page","status-publish","hentry"],"_links":{"self":[{"href":"https:\/\/worldguard.kod-o.com\/index.php\/wp-json\/wp\/v2\/pages\/1527","targetHints":{"allow":["GET"]}}],"collection":[{"href":"https:\/\/worldguard.kod-o.com\/index.php\/wp-json\/wp\/v2\/pages"}],"about":[{"href":"https:\/\/worldguard.kod-o.com\/index.php\/wp-json\/wp\/v2\/types\/page"}],"author":[{"embeddable":true,"href":"https:\/\/worldguard.kod-o.com\/index.php\/wp-json\/wp\/v2\/users\/1"}],"replies":[{"embeddable":true,"href":"https:\/\/worldguard.kod-o.com\/index.php\/wp-json\/wp\/v2\/comments?post=1527"}],"version-history":[{"count":1,"href":"https:\/\/worldguard.kod-o.com\/index.php\/wp-json\/wp\/v2\/pages\/1527\/revisions"}],"predecessor-version":[{"id":1528,"href":"https:\/\/worldguard.kod-o.com\/index.php\/wp-json\/wp\/v2\/pages\/1527\/revisions\/1528"}],"wp:attachment":[{"href":"https:\/\/worldguard.kod-o.com\/index.php\/wp-json\/wp\/v2\/media?parent=1527"}],"curies":[{"name":"wp","href":"https:\/\/api.w.org\/{rel}","templated":true}]}}