{"id":1530,"date":"2026-02-14T21:55:47","date_gmt":"2026-02-14T21:55:47","guid":{"rendered":"https:\/\/worldguard.kod-o.com\/?page_id=1530"},"modified":"2026-03-25T19:21:36","modified_gmt":"2026-03-25T19:21:36","slug":"genel-temizlik-hizmetleri","status":"publish","type":"page","link":"https:\/\/worldguard.kod-o.com\/index.php\/genel-temizlik-hizmetleri\/","title":{"rendered":"Genel Temizlik Hizmetleri"},"content":{"rendered":"\n<p><strong>World Guard<\/strong>, m\u00fc\u015fterilerimizin taleplerini dikkate alarak, deneyimli ve bilgili personeli ile temizlik konusundaki t\u00fcm ihtiya\u00e7lar\u0131 kar\u015f\u0131lamaktad\u0131r.<\/p>\n\n\n\n<p>Temizlik hizmetlerimiz, ya\u015fam ve \u00e7al\u0131\u015fma alanlar\u0131n\u0131n esteti\u011fini koruman\u0131n yan\u0131 s\u0131ra sa\u011fl\u0131kl\u0131 ve hijyenik ortamlar olu\u015fturmay\u0131 hedeflemektedir.<\/p>\n\n\n\n<p>G\u00fcnl\u00fck ofis temizli\u011finden end\u00fcstriyel temizli\u011fe, hijyenik alanlar\u0131n temizli\u011finden cam temizli\u011fine kadar geni\u015f bir yelpazede hizmet sunan <strong>World Guard<\/strong>, en yeni temizlik teknolojilerini ve y\u00f6ntemlerini kullanarak y\u00fcksek kaliteli hizmet sa\u011flamaktad\u0131r.<\/p>\n\n\n\n<p>Temizlik s\u00fcreci, y\u00fczeyin t\u00fcr\u00fcne, yap\u0131s\u0131na ve kirin niteli\u011fine g\u00f6re \u00f6zenle planlanmaktad\u0131r. Personelimiz, kullan\u0131lacak t\u00fcm temizlik ara\u00e7 ve \u00fcr\u00fcnlerini se\u00e7erken \u00e7evreye ve insan sa\u011fl\u0131\u011f\u0131na zarar vermeyen se\u00e7enekleri tercih etmektedir.<\/p>\n\n\n\n<p>G\u00f6r\u00fcn\u00fcr alanlar\u0131n yan\u0131 s\u0131ra, g\u00f6r\u00fcnmeyen k\u0131s\u0131mlarda da kir, mikrop ve bakteri olabilece\u011finin bilincinde olan ekibimiz, hizmet verdikleri t\u00fcm alanlarda %100 hijyen sa\u011flanmas\u0131n\u0131 garanti etmektedir.<\/p>\n","protected":false},"excerpt":{"rendered":"<p>World Guard, m\u00fc\u015fterilerimizin taleplerini dikkate alarak, deneyimli ve bilgili personeli ile temizlik konusundaki t\u00fcm ihtiya\u00e7lar\u0131 kar\u015f\u0131lamaktad\u0131r. Temizlik hizmetlerimiz, ya\u015fam ve \u00e7al\u0131\u015fma alanlar\u0131n\u0131n esteti\u011fini koruman\u0131n yan\u0131 s\u0131ra sa\u011fl\u0131kl\u0131 ve hijyenik ortamlar &#8230;<\/p>\n","protected":false},"author":1,"featured_media":0,"parent":0,"menu_order":0,"comment_status":"closed","ping_status":"closed","template":"template-fullwidth.php","meta":{"footnotes":""},"class_list":["post-1530","page","type-page","status-publish","hentry"],"_links":{"self":[{"href":"https:\/\/worldguard.kod-o.com\/index.php\/wp-json\/wp\/v2\/pages\/1530","targetHints":{"allow":["GET"]}}],"collection":[{"href":"https:\/\/worldguard.kod-o.com\/index.php\/wp-json\/wp\/v2\/pages"}],"about":[{"href":"https:\/\/worldguard.kod-o.com\/index.php\/wp-json\/wp\/v2\/types\/page"}],"author":[{"embeddable":true,"href":"https:\/\/worldguard.kod-o.com\/index.php\/wp-json\/wp\/v2\/users\/1"}],"replies":[{"embeddable":true,"href":"https:\/\/worldguard.kod-o.com\/index.php\/wp-json\/wp\/v2\/comments?post=1530"}],"version-history":[{"count":1,"href":"https:\/\/worldguard.kod-o.com\/index.php\/wp-json\/wp\/v2\/pages\/1530\/revisions"}],"predecessor-version":[{"id":1531,"href":"https:\/\/worldguard.kod-o.com\/index.php\/wp-json\/wp\/v2\/pages\/1530\/revisions\/1531"}],"wp:attachment":[{"href":"https:\/\/worldguard.kod-o.com\/index.php\/wp-json\/wp\/v2\/media?parent=1530"}],"curies":[{"name":"wp","href":"https:\/\/api.w.org\/{rel}","templated":true}]}}