{"id":1536,"date":"2026-02-14T22:01:27","date_gmt":"2026-02-14T22:01:27","guid":{"rendered":"https:\/\/worldguard.kod-o.com\/?page_id=1536"},"modified":"2026-03-25T19:23:27","modified_gmt":"2026-03-25T19:23:27","slug":"park-bahce-bakimi-ve-peyzaj","status":"publish","type":"page","link":"https:\/\/worldguard.kod-o.com\/index.php\/park-bahce-bakimi-ve-peyzaj\/","title":{"rendered":"Park &#038; Bah\u00e7e Bak\u0131m\u0131 ve Peyzaj"},"content":{"rendered":"\n<p><strong>World Guard<\/strong>, tesislerinizin veya ya\u015fam alanlar\u0131n\u0131z\u0131n en \u00f6nemli unsurlar\u0131ndan biri olan \u00e7evre ve bah\u00e7e d\u00fczenlemeleri i\u00e7in deneyimli personeli ve \u00f6zel ekipmanlar\u0131 ile eksiksiz hizmet sunmaktad\u0131r.<\/p>\n\n\n\n<p>Bah\u00e7e bak\u0131m\u0131nda en kritik konular\u0131n ba\u015f\u0131nda mevsimsel bak\u0131m ve temizlik gelir. Bah\u00e7enize her mevsime uygun d\u00fczenleme ve peyzaj uygulanmas\u0131 gerekmektedir.<\/p>\n\n\n\n<p>Her bitki t\u00fcr\u00fcn\u00fcn ihtiyac\u0131na g\u00f6re ayr\u0131 g\u00fcbreleme yap\u0131lmas\u0131 ve topra\u011f\u0131n bitki t\u00fcr\u00fcne uygun i\u015flenmesi \u00f6nemlidir.<\/p>\n\n\n\n<p>Mantar, bakteri ve vir\u00fcslerin yol a\u00e7t\u0131\u011f\u0131 bitki hastal\u0131klar\u0131 ile b\u00f6ceklerin olu\u015fturdu\u011fu sorunlara kar\u015f\u0131 periyodik koruma ama\u00e7l\u0131 ila\u00e7lama yap\u0131lmas\u0131, bitki sa\u011fl\u0131\u011f\u0131 i\u00e7in hayati \u00f6neme sahiptir.<\/p>\n\n\n\n<p>Do\u011fru zamanda ve uygun \u015fekilde yap\u0131lan bitki budama i\u015flemleri, bitkilerin sa\u011fl\u0131kl\u0131 geli\u015fimi i\u00e7in gereklidir. Bah\u00e7elerin temiz tutulmas\u0131, hastal\u0131kl\u0131 dal ve yapraklar\u0131n temizlenip imha edilmesi, bitki k\u00f6klerinin havaland\u0131r\u0131lmas\u0131 ve yabani otlarla m\u00fccadele, bah\u00e7enizin ihtiyac\u0131 olan di\u011fer \u00f6nemli i\u015flemlerdir. Bah\u00e7e bak\u0131m\u0131 sadece bahar ve yaz aylar\u0131nda de\u011fil, t\u00fcm mevsimlerde gereklidir.<\/p>\n\n\n\n<p>Bah\u00e7e bak\u0131m\u0131 ve peyzaj hizmetleri kapsam\u0131nda, uzman personelimiz taraf\u0131ndan a\u011fa\u00e7 bak\u0131m\u0131, peyzaj d\u00fczenleme, bi\u00e7me, budama, \u00e7i\u00e7ek dikimi ve bak\u0131m\u0131, zararl\u0131 ot temizli\u011fi, a\u015f\u0131lama, sulama, toprak havaland\u0131rma, tohum ekimi, b\u00f6cek kontrol\u00fc, g\u00fcbreleme ve bah\u00e7\u0131van temini gibi t\u00fcm hizmetler sunulmaktad\u0131r.<\/p>\n\n\n\n<hr class=\"wp-block-separator has-alpha-channel-opacity\"\/>\n\n\n\n<p><\/p>\n","protected":false},"excerpt":{"rendered":"<p>World Guard, tesislerinizin veya ya\u015fam alanlar\u0131n\u0131z\u0131n en \u00f6nemli unsurlar\u0131ndan biri olan \u00e7evre ve bah\u00e7e d\u00fczenlemeleri i\u00e7in deneyimli personeli ve \u00f6zel ekipmanlar\u0131 ile eksiksiz hizmet sunmaktad\u0131r. Bah\u00e7e bak\u0131m\u0131nda en kritik konular\u0131n &#8230;<\/p>\n","protected":false},"author":1,"featured_media":0,"parent":0,"menu_order":0,"comment_status":"closed","ping_status":"closed","template":"template-fullwidth.php","meta":{"footnotes":""},"class_list":["post-1536","page","type-page","status-publish","hentry"],"_links":{"self":[{"href":"https:\/\/worldguard.kod-o.com\/index.php\/wp-json\/wp\/v2\/pages\/1536","targetHints":{"allow":["GET"]}}],"collection":[{"href":"https:\/\/worldguard.kod-o.com\/index.php\/wp-json\/wp\/v2\/pages"}],"about":[{"href":"https:\/\/worldguard.kod-o.com\/index.php\/wp-json\/wp\/v2\/types\/page"}],"author":[{"embeddable":true,"href":"https:\/\/worldguard.kod-o.com\/index.php\/wp-json\/wp\/v2\/users\/1"}],"replies":[{"embeddable":true,"href":"https:\/\/worldguard.kod-o.com\/index.php\/wp-json\/wp\/v2\/comments?post=1536"}],"version-history":[{"count":1,"href":"https:\/\/worldguard.kod-o.com\/index.php\/wp-json\/wp\/v2\/pages\/1536\/revisions"}],"predecessor-version":[{"id":1537,"href":"https:\/\/worldguard.kod-o.com\/index.php\/wp-json\/wp\/v2\/pages\/1536\/revisions\/1537"}],"wp:attachment":[{"href":"https:\/\/worldguard.kod-o.com\/index.php\/wp-json\/wp\/v2\/media?parent=1536"}],"curies":[{"name":"wp","href":"https:\/\/api.w.org\/{rel}","templated":true}]}}