{"id":1545,"date":"2026-02-14T22:05:47","date_gmt":"2026-02-14T22:05:47","guid":{"rendered":"https:\/\/worldguard.kod-o.com\/?page_id=1545"},"modified":"2026-03-25T19:21:09","modified_gmt":"2026-03-25T19:21:09","slug":"endustriyel-temizlik-hizmeti","status":"publish","type":"page","link":"https:\/\/worldguard.kod-o.com\/index.php\/endustriyel-temizlik-hizmeti\/","title":{"rendered":"End\u00fcstriyel Temizlik Hizmeti"},"content":{"rendered":"\n<p>End\u00fcstriyel temizlik hizmetleri, genellikle a\u011f\u0131r sanayi, fabrika ve imalathane gibi orta ve b\u00fcy\u00fck \u00f6l\u00e7ekli i\u015fler yapan kurulu\u015flara verilen bir hizmettir. Bu hizmet tamamen \u00f6zel bir hizmet oldu\u011fundan \u00f6ncelikle fizibilite \u00e7al\u0131\u015fmalar\u0131 yap\u0131lmakta, i\u015f g\u00fcvenli\u011fi konusunda firma yetkililerinden gerekli bilgiler al\u0131nmakta ve olu\u015fturulan durum raporu \u00fcst y\u00f6netime sunulmaktad\u0131r.<\/p>\n\n\n\n<p>End\u00fcstriyel temizli\u011fin yap\u0131ld\u0131\u011f\u0131 \u00fcretim yerlerinde i\u015f kazalar\u0131 riskinin y\u00fcksek oldu\u011funun bilincinde oldu\u011fumuzdan, bu alanlarda mutlaka e\u011fitimli ve tecr\u00fcbeli temizlik elemanlar\u0131 g\u00f6revlendirmekteyiz.<\/p>\n\n\n\n<p>End\u00fcstriyel temizlik, fabrikan\u0131z\u0131n, at\u00f6lyenizin ve depolar\u0131n\u0131z\u0131n daha verimli i\u015fleyebilmesi i\u00e7in yap\u0131lmas\u0131 gereken i\u015flemlerdir. Bu temizlik giderleri ba\u015flang\u0131\u00e7ta ek masraf gibi g\u00f6r\u00fcnse de uzun vadede verimlilik ve performans art\u0131r\u0131c\u0131 i\u015flemlerdir. D\u00fczenli olarak yap\u0131lan temizlik hizmetleri, sizlere masraftan \u00f6te k\u00e2r sa\u011flayacakt\u0131r.<\/p>\n\n\n\n<p><strong>World Guard<\/strong> olarak, end\u00fcstriyel temizlik hizmetleri, deneyimli personelimiz taraf\u0131ndan t\u00fcm g\u00fcvenlik tedbirleri al\u0131narak ve uygun temizlik malzemeleri ile temizlik ekipmanlar\u0131 kullan\u0131larak ger\u00e7ekle\u015ftirilmektedir.<\/p>\n","protected":false},"excerpt":{"rendered":"<p>End\u00fcstriyel temizlik hizmetleri, genellikle a\u011f\u0131r sanayi, fabrika ve imalathane gibi orta ve b\u00fcy\u00fck \u00f6l\u00e7ekli i\u015fler yapan kurulu\u015flara verilen bir hizmettir. Bu hizmet tamamen \u00f6zel bir hizmet oldu\u011fundan \u00f6ncelikle fizibilite \u00e7al\u0131\u015fmalar\u0131 &#8230;<\/p>\n","protected":false},"author":1,"featured_media":0,"parent":0,"menu_order":0,"comment_status":"closed","ping_status":"closed","template":"template-fullwidth.php","meta":{"footnotes":""},"class_list":["post-1545","page","type-page","status-publish","hentry"],"_links":{"self":[{"href":"https:\/\/worldguard.kod-o.com\/index.php\/wp-json\/wp\/v2\/pages\/1545","targetHints":{"allow":["GET"]}}],"collection":[{"href":"https:\/\/worldguard.kod-o.com\/index.php\/wp-json\/wp\/v2\/pages"}],"about":[{"href":"https:\/\/worldguard.kod-o.com\/index.php\/wp-json\/wp\/v2\/types\/page"}],"author":[{"embeddable":true,"href":"https:\/\/worldguard.kod-o.com\/index.php\/wp-json\/wp\/v2\/users\/1"}],"replies":[{"embeddable":true,"href":"https:\/\/worldguard.kod-o.com\/index.php\/wp-json\/wp\/v2\/comments?post=1545"}],"version-history":[{"count":1,"href":"https:\/\/worldguard.kod-o.com\/index.php\/wp-json\/wp\/v2\/pages\/1545\/revisions"}],"predecessor-version":[{"id":1546,"href":"https:\/\/worldguard.kod-o.com\/index.php\/wp-json\/wp\/v2\/pages\/1545\/revisions\/1546"}],"wp:attachment":[{"href":"https:\/\/worldguard.kod-o.com\/index.php\/wp-json\/wp\/v2\/media?parent=1545"}],"curies":[{"name":"wp","href":"https:\/\/api.w.org\/{rel}","templated":true}]}}