{"id":1548,"date":"2026-02-14T22:10:58","date_gmt":"2026-02-14T22:10:58","guid":{"rendered":"https:\/\/worldguard.kod-o.com\/?page_id=1548"},"modified":"2026-03-25T19:22:30","modified_gmt":"2026-03-25T19:22:30","slug":"kamu-kurumlari-temizligi","status":"publish","type":"page","link":"https:\/\/worldguard.kod-o.com\/index.php\/kamu-kurumlari-temizligi\/","title":{"rendered":"Kamu Kurumlar\u0131 Temizli\u011fi"},"content":{"rendered":"\n<p>Toplumun ortak kullan\u0131m\u0131na a\u00e7\u0131k olan kamu kurum ve kurulu\u015flar\u0131n\u0131n, belirli zaman aral\u0131klar\u0131yla d\u00fczenli ve hijyenik olarak temizlenmesi gerekmektedir.<\/p>\n\n\n\n<p>Kamu kurum ve kurulu\u015flar\u0131n\u0131n temizli\u011finde yap\u0131lmas\u0131 gereken \u00f6ncelikli i\u015flem, temizli\u011fi yap\u0131lacak kurumun ke\u015ffidir. Temizlik konusunda deneyim sahibi personelimiz incelemelerinin ard\u0131ndan durum raporu haz\u0131rlayarak yetkili ki\u015fileri yap\u0131lacak i\u015flemler hakk\u0131nda bilgilendirir.<\/p>\n\n\n\n<p>Kurumlar\u0131n yaln\u0131zca g\u00f6r\u00fcn\u00fcr yerlerinde de\u011fil, g\u00f6r\u00fcnmeyen yerlerinde de kir ve bakteri olu\u015fabilece\u011finin fark\u0131nda olan temizlik personelimiz, t\u00fcm alanlarda %100 hijyen sa\u011flanaca\u011f\u0131n\u0131n garantisini vermektedir.<\/p>\n\n\n\n<p>Kamu kurum ve kurulu\u015flar\u0131n\u0131n temizlik hizmetleri, uzman personelimiz taraf\u0131ndan, kurumlar\u0131n i\u015fletme, bak\u0131m ve onar\u0131m y\u00f6netmeliklerine uygun olarak yap\u0131lmaktad\u0131r.<\/p>\n\n\n\n<p><strong>World Guard<\/strong> olarak, t\u00fcm hizmetlerimizde hijyen ve kalite \u00f6nceli\u011fimizdir.<\/p>\n","protected":false},"excerpt":{"rendered":"<p>Toplumun ortak kullan\u0131m\u0131na a\u00e7\u0131k olan kamu kurum ve kurulu\u015flar\u0131n\u0131n, belirli zaman aral\u0131klar\u0131yla d\u00fczenli ve hijyenik olarak temizlenmesi gerekmektedir. Kamu kurum ve kurulu\u015flar\u0131n\u0131n temizli\u011finde yap\u0131lmas\u0131 gereken \u00f6ncelikli i\u015flem, temizli\u011fi yap\u0131lacak kurumun &#8230;<\/p>\n","protected":false},"author":1,"featured_media":0,"parent":0,"menu_order":0,"comment_status":"closed","ping_status":"closed","template":"template-fullwidth.php","meta":{"footnotes":""},"class_list":["post-1548","page","type-page","status-publish","hentry"],"_links":{"self":[{"href":"https:\/\/worldguard.kod-o.com\/index.php\/wp-json\/wp\/v2\/pages\/1548","targetHints":{"allow":["GET"]}}],"collection":[{"href":"https:\/\/worldguard.kod-o.com\/index.php\/wp-json\/wp\/v2\/pages"}],"about":[{"href":"https:\/\/worldguard.kod-o.com\/index.php\/wp-json\/wp\/v2\/types\/page"}],"author":[{"embeddable":true,"href":"https:\/\/worldguard.kod-o.com\/index.php\/wp-json\/wp\/v2\/users\/1"}],"replies":[{"embeddable":true,"href":"https:\/\/worldguard.kod-o.com\/index.php\/wp-json\/wp\/v2\/comments?post=1548"}],"version-history":[{"count":1,"href":"https:\/\/worldguard.kod-o.com\/index.php\/wp-json\/wp\/v2\/pages\/1548\/revisions"}],"predecessor-version":[{"id":1549,"href":"https:\/\/worldguard.kod-o.com\/index.php\/wp-json\/wp\/v2\/pages\/1548\/revisions\/1549"}],"wp:attachment":[{"href":"https:\/\/worldguard.kod-o.com\/index.php\/wp-json\/wp\/v2\/media?parent=1548"}],"curies":[{"name":"wp","href":"https:\/\/api.w.org\/{rel}","templated":true}]}}