{"id":1555,"date":"2026-02-14T22:12:24","date_gmt":"2026-02-14T22:12:24","guid":{"rendered":"https:\/\/worldguard.kod-o.com\/?page_id=1555"},"modified":"2026-03-25T19:20:19","modified_gmt":"2026-03-25T19:20:19","slug":"banka-temizligi","status":"publish","type":"page","link":"https:\/\/worldguard.kod-o.com\/index.php\/banka-temizligi\/","title":{"rendered":"Banka Temizli\u011fi"},"content":{"rendered":"\n<p>Bankalar ve di\u011fer finans kurulu\u015flar\u0131 insan sirk\u00fclasyonunun fazla oldu\u011fu mekanlar aras\u0131nda oldu\u011fundan g\u00fcnl\u00fck ve haftal\u0131k olarak temizli\u011fe ihtiyac\u0131 olan yerlerin ba\u015f\u0131nda gelmektedir.<\/p>\n\n\n\n<p>Banka ve di\u011fer finans kurulu\u015flar\u0131n\u0131n temizli\u011fi g\u00fcvenlik nedeniyle ekstra \u00f6nlemlerin al\u0131nmas\u0131 gereken yerlerdir. Bu g\u00fcvenlik hassasiyetinin fark\u0131nda olan <strong>World Guard<\/strong>, banka temizli\u011finde g\u00f6rev alacak personellerini \u00f6zel olarak g\u00fcvenlik ara\u015ft\u0131rmalar\u0131ndan ge\u00e7irerek g\u00f6revlendirmektedir.<\/p>\n\n\n\n<p>Ofis, i\u015fyeri, e\u011fitim kurumlar\u0131 ve hastane temizli\u011finde oldu\u011fu gibi, banka temizli\u011fi esnas\u0131nda \u00e7al\u0131\u015fanlar\u0131n ve banka ziyaret\u00e7ilerinin rahats\u0131z edilmemesi \u00f6nceli\u011fimizdir.<\/p>\n\n\n\n<p>Temizlik personelleri hafta i\u00e7i ve hafta sonu, mesai saatleri i\u00e7inde ve mesai saatleri d\u0131\u015f\u0131nda olmak \u00fczere iste\u011finize g\u00f6re temizlik hizmeti vermektedir.<\/p>\n\n\n\n<p><strong>World Guard<\/strong> temizlik personelleri, bankalar\u0131n temizli\u011fi konusunda, insan sa\u011fl\u0131\u011f\u0131na ve \u00e7evreye zarar vermeyen temizlik kimyasallar\u0131 ile bakteri ve vir\u00fcs olu\u015fumunu engelleyecek \u00f6zel kimyasallar kullanarak sa\u011fl\u0131kl\u0131 ve hijyenik \u00e7al\u0131\u015fma ortamlar\u0131 sa\u011flamaktad\u0131r.<\/p>\n","protected":false},"excerpt":{"rendered":"<p>Bankalar ve di\u011fer finans kurulu\u015flar\u0131 insan sirk\u00fclasyonunun fazla oldu\u011fu mekanlar aras\u0131nda oldu\u011fundan g\u00fcnl\u00fck ve haftal\u0131k olarak temizli\u011fe ihtiyac\u0131 olan yerlerin ba\u015f\u0131nda gelmektedir. Banka ve di\u011fer finans kurulu\u015flar\u0131n\u0131n temizli\u011fi g\u00fcvenlik nedeniyle &#8230;<\/p>\n","protected":false},"author":1,"featured_media":0,"parent":0,"menu_order":0,"comment_status":"closed","ping_status":"closed","template":"template-fullwidth.php","meta":{"footnotes":""},"class_list":["post-1555","page","type-page","status-publish","hentry"],"_links":{"self":[{"href":"https:\/\/worldguard.kod-o.com\/index.php\/wp-json\/wp\/v2\/pages\/1555","targetHints":{"allow":["GET"]}}],"collection":[{"href":"https:\/\/worldguard.kod-o.com\/index.php\/wp-json\/wp\/v2\/pages"}],"about":[{"href":"https:\/\/worldguard.kod-o.com\/index.php\/wp-json\/wp\/v2\/types\/page"}],"author":[{"embeddable":true,"href":"https:\/\/worldguard.kod-o.com\/index.php\/wp-json\/wp\/v2\/users\/1"}],"replies":[{"embeddable":true,"href":"https:\/\/worldguard.kod-o.com\/index.php\/wp-json\/wp\/v2\/comments?post=1555"}],"version-history":[{"count":1,"href":"https:\/\/worldguard.kod-o.com\/index.php\/wp-json\/wp\/v2\/pages\/1555\/revisions"}],"predecessor-version":[{"id":1556,"href":"https:\/\/worldguard.kod-o.com\/index.php\/wp-json\/wp\/v2\/pages\/1555\/revisions\/1556"}],"wp:attachment":[{"href":"https:\/\/worldguard.kod-o.com\/index.php\/wp-json\/wp\/v2\/media?parent=1555"}],"curies":[{"name":"wp","href":"https:\/\/api.w.org\/{rel}","templated":true}]}}