{"id":1558,"date":"2026-02-14T22:15:46","date_gmt":"2026-02-14T22:15:46","guid":{"rendered":"https:\/\/worldguard.kod-o.com\/?page_id=1558"},"modified":"2026-03-25T19:23:09","modified_gmt":"2026-03-25T19:23:09","slug":"otel-temizligi","status":"publish","type":"page","link":"https:\/\/worldguard.kod-o.com\/index.php\/otel-temizligi\/","title":{"rendered":"Otel Temizli\u011fi"},"content":{"rendered":"\n<p>Konaklama se\u00e7iminde m\u00fc\u015fterilerin dikkat ettikleri en \u00f6nemli konu odalar\u0131n temizli\u011fidir. Konuklar\u0131n kald\u0131klar\u0131 s\u00fcrece, otel odalar\u0131 konuklar\u0131n evi say\u0131lmaktad\u0131r. Konuklar, evlerindeki hijyeni ve rahatl\u0131\u011f\u0131 otel odalar\u0131nda da s\u00fcrd\u00fcrmek istemektedirler. Bu nedenle otel i\u015fletmeleri i\u00e7in temizlik konusu son derece \u00f6nemlidir.<\/p>\n\n\n\n<p>Housekeeping personelimiz, otel odalar\u0131n\u0131n temizli\u011fi, havaland\u0131r\u0131lmas\u0131, misafirlere \u00f6zel olarak haz\u0131rlanmas\u0131, ortak alanlar\u0131n temizli\u011fi, bak\u0131m\u0131 ve intizam\u0131n\u0131n yan\u0131 s\u0131ra \u00e7ama\u015f\u0131rhane faaliyetlerinden de sorumlu olarak g\u00f6rev almaktad\u0131rlar.<\/p>\n\n\n\n<p>Otel temizli\u011finde g\u00f6revlendirilen personelimiz, daha \u00f6nce turistik tesislerde g\u00f6rev alm\u0131\u015f ve yabanc\u0131 dil bilgisi bulunan e\u011fitimli ki\u015filerden olu\u015fmaktad\u0131r.<\/p>\n\n\n\n<p><strong>World Guard<\/strong> temizlik personelleri, sahip olduklar\u0131 bilgi ve tecr\u00fcbeyle, \u00e7evreye ve insan sa\u011fl\u0131\u011f\u0131na zarars\u0131z temizlik \u00fcr\u00fcnleri kullanmaktad\u0131rlar.<\/p>\n\n\n\n<p>Yaln\u0131zca g\u00f6r\u00fcn\u00fcr y\u00fczeylerde de\u011fil, g\u00f6r\u00fcnmeyen k\u0131s\u0131mlarda da kir ve mikrop olu\u015fabilece\u011finin fark\u0131nda olan personelimiz, hizmet sunduklar\u0131 t\u00fcm alanlarda %100 hijyen sa\u011flanaca\u011f\u0131n\u0131n garantisini vermektedir.<\/p>\n","protected":false},"excerpt":{"rendered":"<p>Konaklama se\u00e7iminde m\u00fc\u015fterilerin dikkat ettikleri en \u00f6nemli konu odalar\u0131n temizli\u011fidir. Konuklar\u0131n kald\u0131klar\u0131 s\u00fcrece, otel odalar\u0131 konuklar\u0131n evi say\u0131lmaktad\u0131r. Konuklar, evlerindeki hijyeni ve rahatl\u0131\u011f\u0131 otel odalar\u0131nda da s\u00fcrd\u00fcrmek istemektedirler. Bu nedenle &#8230;<\/p>\n","protected":false},"author":1,"featured_media":0,"parent":0,"menu_order":0,"comment_status":"closed","ping_status":"closed","template":"template-fullwidth.php","meta":{"footnotes":""},"class_list":["post-1558","page","type-page","status-publish","hentry"],"_links":{"self":[{"href":"https:\/\/worldguard.kod-o.com\/index.php\/wp-json\/wp\/v2\/pages\/1558","targetHints":{"allow":["GET"]}}],"collection":[{"href":"https:\/\/worldguard.kod-o.com\/index.php\/wp-json\/wp\/v2\/pages"}],"about":[{"href":"https:\/\/worldguard.kod-o.com\/index.php\/wp-json\/wp\/v2\/types\/page"}],"author":[{"embeddable":true,"href":"https:\/\/worldguard.kod-o.com\/index.php\/wp-json\/wp\/v2\/users\/1"}],"replies":[{"embeddable":true,"href":"https:\/\/worldguard.kod-o.com\/index.php\/wp-json\/wp\/v2\/comments?post=1558"}],"version-history":[{"count":2,"href":"https:\/\/worldguard.kod-o.com\/index.php\/wp-json\/wp\/v2\/pages\/1558\/revisions"}],"predecessor-version":[{"id":1560,"href":"https:\/\/worldguard.kod-o.com\/index.php\/wp-json\/wp\/v2\/pages\/1558\/revisions\/1560"}],"wp:attachment":[{"href":"https:\/\/worldguard.kod-o.com\/index.php\/wp-json\/wp\/v2\/media?parent=1558"}],"curies":[{"name":"wp","href":"https:\/\/api.w.org\/{rel}","templated":true}]}}