{"id":1565,"date":"2026-02-14T22:19:04","date_gmt":"2026-02-14T22:19:04","guid":{"rendered":"https:\/\/worldguard.kod-o.com\/?page_id=1565"},"modified":"2026-03-25T19:24:09","modified_gmt":"2026-03-25T19:24:09","slug":"tesis-guvenlik-hizmetleri","status":"publish","type":"page","link":"https:\/\/worldguard.kod-o.com\/index.php\/tesis-guvenlik-hizmetleri\/","title":{"rendered":"Tesis G\u00fcvenlik Hizmetleri"},"content":{"rendered":"\n<p>G\u00fcn\u00fcm\u00fczde artan su\u00e7 oranlar\u0131 potansiyel tehlikeleri de beraberinde getiriyor. G\u00fcven dolu bir ortamda ya\u015famak ve \u00e7al\u0131\u015fmak g\u00fcn\u00fcm\u00fcz\u00fcn en temel ihtiya\u00e7lar\u0131ndan biri. Bu kapsamda g\u00fcvenlik hizmeti verece\u011fimiz alanlar\u0131 en ince ayr\u0131nt\u0131s\u0131na kadar tan\u0131makta ve de\u011ferli m\u00fc\u015fterilerimiz i\u00e7in tamamen g\u00fcvenli alanlar olu\u015fturmaktay\u0131z.<\/p>\n\n\n\n<p>Konusunda uzman personelimiz ile hizmet verilecek tesisin g\u00fcvenlik ihtiya\u00e7lar\u0131na cevap veren, mekana ve kullan\u0131m \u015fartlar\u0131na uygun, geni\u015f kapsaml\u0131, ger\u00e7ek\u00e7i, verimli ve ekonomik bir risk analizi haz\u0131rlamaktay\u0131z.<\/p>\n\n\n\n<p><strong>World Guard<\/strong>, risk analizi sonu\u00e7lar\u0131na g\u00f6re g\u00fcvenlik ihtiya\u00e7lar\u0131n\u0131z\u0131 belirler, k\u0131sa, orta ve uzun vadeli g\u00fcvenlik projesi olu\u015fturmaktad\u0131r. Bu g\u00fcvenlik projesine g\u00f6re fiziki g\u00fcvenlik ekibini olu\u015fturur, elektronik g\u00fcvenlik sistemlerinin kurulumunu ger\u00e7ekle\u015ftirir ve kalite y\u00f6netim politikas\u0131 do\u011frultusunda periyodik denetimleri uygular.<\/p>\n\n\n\n<p>G\u00fcvenlik hizmeti verdi\u011fimiz tesislerdeki g\u00fcvenlik personelimiz ve y\u00f6neticilerimiz, denetim ekiplerimiz taraf\u0131ndan planl\u0131 ve plans\u0131z olarak denetime tabii tutulmaktad\u0131r. Bu denetimler sayesinde personelimizin mesleki bilgisi ve hizmet verdi\u011fi saha hakk\u0131ndaki bilgisi s\u00fcrekli olarak kontrol edilmektedir. Bu kontroller ile hizmet kalitesinde s\u00fcreklilik sa\u011flanmaktad\u0131r.<\/p>\n","protected":false},"excerpt":{"rendered":"<p>G\u00fcn\u00fcm\u00fczde artan su\u00e7 oranlar\u0131 potansiyel tehlikeleri de beraberinde getiriyor. G\u00fcven dolu bir ortamda ya\u015famak ve \u00e7al\u0131\u015fmak g\u00fcn\u00fcm\u00fcz\u00fcn en temel ihtiya\u00e7lar\u0131ndan biri. Bu kapsamda g\u00fcvenlik hizmeti verece\u011fimiz alanlar\u0131 en ince ayr\u0131nt\u0131s\u0131na &#8230;<\/p>\n","protected":false},"author":1,"featured_media":0,"parent":0,"menu_order":0,"comment_status":"closed","ping_status":"closed","template":"template-fullwidth.php","meta":{"footnotes":""},"class_list":["post-1565","page","type-page","status-publish","hentry"],"_links":{"self":[{"href":"https:\/\/worldguard.kod-o.com\/index.php\/wp-json\/wp\/v2\/pages\/1565","targetHints":{"allow":["GET"]}}],"collection":[{"href":"https:\/\/worldguard.kod-o.com\/index.php\/wp-json\/wp\/v2\/pages"}],"about":[{"href":"https:\/\/worldguard.kod-o.com\/index.php\/wp-json\/wp\/v2\/types\/page"}],"author":[{"embeddable":true,"href":"https:\/\/worldguard.kod-o.com\/index.php\/wp-json\/wp\/v2\/users\/1"}],"replies":[{"embeddable":true,"href":"https:\/\/worldguard.kod-o.com\/index.php\/wp-json\/wp\/v2\/comments?post=1565"}],"version-history":[{"count":1,"href":"https:\/\/worldguard.kod-o.com\/index.php\/wp-json\/wp\/v2\/pages\/1565\/revisions"}],"predecessor-version":[{"id":1566,"href":"https:\/\/worldguard.kod-o.com\/index.php\/wp-json\/wp\/v2\/pages\/1565\/revisions\/1566"}],"wp:attachment":[{"href":"https:\/\/worldguard.kod-o.com\/index.php\/wp-json\/wp\/v2\/media?parent=1565"}],"curies":[{"name":"wp","href":"https:\/\/api.w.org\/{rel}","templated":true}]}}