{"id":1568,"date":"2026-02-14T22:20:52","date_gmt":"2026-02-14T22:20:52","guid":{"rendered":"https:\/\/worldguard.kod-o.com\/?page_id=1568"},"modified":"2026-03-25T19:24:16","modified_gmt":"2026-03-25T19:24:16","slug":"tesis-temizlik-hizmetleri","status":"publish","type":"page","link":"https:\/\/worldguard.kod-o.com\/index.php\/tesis-temizlik-hizmetleri\/","title":{"rendered":"Tesis Temizlik Hizmetleri"},"content":{"rendered":"\n<p><strong>World Guard<\/strong> olarak sundu\u011fumuz temizlik hizmetleriyle sadece ortamlar\u0131n temiz g\u00f6r\u00fcnmesini de\u011fil, birey ile toplum sa\u011fl\u0131\u011f\u0131n\u0131 art\u0131rmay\u0131 ve tesislerin sabit de\u011ferlerinin ekonomik \u00f6m\u00fcrlerini de y\u00fckseltmeyi ama\u00e7lamaktay\u0131z.<\/p>\n\n\n\n<p>Temizlik konusunda e\u011fitimli ve deneyim sahibi personellerimiz ile hizmet sundu\u011fumuz alanlardaki ihtiya\u00e7lara g\u00f6re \u00e7al\u0131\u015fma planlar\u0131 haz\u0131rl\u0131yor ve bu planlar \u00e7er\u00e7evesinde uygun ekipmanlar\u0131 ve kimyasallar\u0131 kullanarak temizlik hizmetlerini d\u00fc\u015f\u00fck maliyetlerde kaliteli bir \u015fekilde sunuyoruz.<\/p>\n\n\n\n<p><strong>World Guard<\/strong>, yenilik\u00e7i temizlik anlay\u0131\u015f\u0131yla tesis ve site temizli\u011fi, ofis ve y\u00f6netim binalar\u0131 temizli\u011fi, al\u0131\u015fveri\u015f merkezi temizli\u011fi, kongre ve sinema salonlar\u0131 temizli\u011fi, spor kompleksleri temizli\u011fi, e\u011fitim kurumlar\u0131 temizli\u011fi, end\u00fcstriyel alan temizli\u011fi, in\u015faatlarda tadilat sonras\u0131 temizlik, sert zemin bak\u0131m\u0131 ve temizli\u011fi, a\u00e7\u0131k alanlarda \u00e7evre temizli\u011fi ba\u015fta olmak \u00fczere t\u00fcm ya\u015fam alanlar\u0131nda ihtiya\u00e7lar\u0131n\u0131za \u00f6zel \u00e7\u00f6z\u00fcmler \u00fcreterek kaliteli ve g\u00fcvenilir entegre temizlik hizmetleri sa\u011flamaktad\u0131r.<\/p>\n\n\n\n<p>Yaln\u0131zca g\u00f6r\u00fcnen y\u00fczeylerde de\u011fil, g\u00f6r\u00fcnmeyen y\u00fczeylerde de kir, mikrop, bakteri vb. bulundu\u011funun bilincinde olan <strong>World Guard<\/strong>, hizmet sundu\u011fu t\u00fcm alanlarda %100 hijyen sa\u011flad\u0131\u011f\u0131n\u0131n garantisini vermektedir.<\/p>\n\n\n\n<p>Ar-ge \u00e7al\u0131\u015fmalar\u0131na ve hizmet i\u00e7i e\u011fitime \u00f6nem veren <strong>World Guard<\/strong>; geli\u015fen teknolojiyi s\u00fcrekli takip etmekte, edindi\u011fi bilgileri ve yenilikleri verdi\u011fi hizmet i\u00e7i e\u011fitimler sayesinde t\u00fcm \u00e7al\u0131\u015fanlar\u0131 ile payla\u015fmaktad\u0131r.<\/p>\n","protected":false},"excerpt":{"rendered":"<p>World Guard olarak sundu\u011fumuz temizlik hizmetleriyle sadece ortamlar\u0131n temiz g\u00f6r\u00fcnmesini de\u011fil, birey ile toplum sa\u011fl\u0131\u011f\u0131n\u0131 art\u0131rmay\u0131 ve tesislerin sabit de\u011ferlerinin ekonomik \u00f6m\u00fcrlerini de y\u00fckseltmeyi ama\u00e7lamaktay\u0131z. Temizlik konusunda e\u011fitimli ve deneyim &#8230;<\/p>\n","protected":false},"author":1,"featured_media":0,"parent":0,"menu_order":0,"comment_status":"closed","ping_status":"closed","template":"template-fullwidth.php","meta":{"footnotes":""},"class_list":["post-1568","page","type-page","status-publish","hentry"],"_links":{"self":[{"href":"https:\/\/worldguard.kod-o.com\/index.php\/wp-json\/wp\/v2\/pages\/1568","targetHints":{"allow":["GET"]}}],"collection":[{"href":"https:\/\/worldguard.kod-o.com\/index.php\/wp-json\/wp\/v2\/pages"}],"about":[{"href":"https:\/\/worldguard.kod-o.com\/index.php\/wp-json\/wp\/v2\/types\/page"}],"author":[{"embeddable":true,"href":"https:\/\/worldguard.kod-o.com\/index.php\/wp-json\/wp\/v2\/users\/1"}],"replies":[{"embeddable":true,"href":"https:\/\/worldguard.kod-o.com\/index.php\/wp-json\/wp\/v2\/comments?post=1568"}],"version-history":[{"count":1,"href":"https:\/\/worldguard.kod-o.com\/index.php\/wp-json\/wp\/v2\/pages\/1568\/revisions"}],"predecessor-version":[{"id":1569,"href":"https:\/\/worldguard.kod-o.com\/index.php\/wp-json\/wp\/v2\/pages\/1568\/revisions\/1569"}],"wp:attachment":[{"href":"https:\/\/worldguard.kod-o.com\/index.php\/wp-json\/wp\/v2\/media?parent=1568"}],"curies":[{"name":"wp","href":"https:\/\/api.w.org\/{rel}","templated":true}]}}