{"id":1574,"date":"2026-02-14T22:24:00","date_gmt":"2026-02-14T22:24:00","guid":{"rendered":"https:\/\/worldguard.kod-o.com\/?page_id=1574"},"modified":"2026-03-25T19:21:17","modified_gmt":"2026-03-25T19:21:17","slug":"enerji-yonetimi-hizmetleri","status":"publish","type":"page","link":"https:\/\/worldguard.kod-o.com\/index.php\/enerji-yonetimi-hizmetleri\/","title":{"rendered":"Enerji Y\u00f6netimi Hizmetleri"},"content":{"rendered":"\n<p>Enerji i\u00e7in harcanan para i\u015fletme b\u00fct\u00e7esinde en \u00e7ok pay ayr\u0131lan ana gider kalemlerinden birini olu\u015fturmaktad\u0131r. Enerji giderlerinde tasarruf sa\u011flamak ve kullan\u0131lan enerjiden maksimum fayda elde etmek, profesyonel enerji y\u00f6netimi gerektir. Is\u0131tma, ayd\u0131nlatma, elektrikli cihaz ve ekipmanlarda enerjiyi verimli kullanmak suretiyle ihtiya\u00e7lar\u0131n\u0131zdan k\u0131s\u0131tlama yapmadan enerji maliyetlerinizi d\u00fc\u015f\u00fcrmek ve \u00e7evrenizin korunmas\u0131na katk\u0131 sa\u011flaman\u0131z m\u00fcmk\u00fcnd\u00fcr.<\/p>\n\n\n\n<p>Enerji y\u00f6netimi, \u00e7al\u0131\u015fma ortam\u0131 konforundan, g\u00fcvenlikten veya \u00e7evresel t\u00fcm ko\u015fullardan fedakarl\u0131k etmeksizin enerjinin verimli kullan\u0131m\u0131 do\u011frultusunda yap\u0131land\u0131r\u0131lm\u0131\u015f ve organize edilmi\u015f disiplinli bir \u00e7al\u0131\u015fmad\u0131r.<\/p>\n\n\n\n<p>Enerji y\u00f6netimi, tesisin enerji t\u00fcketim karakteristi\u011finin \u00e7\u0131kar\u0131lmas\u0131, enerji t\u00fcketen t\u00fcm sistemlerinin detayl\u0131 analiz edilmesi, bu sistemlerin verimlerinin izlenmesi, enerji t\u00fcketiminin izlenmesi ve verimlilik art\u0131r\u0131c\u0131 projelerin olu\u015fturularak uygulanmas\u0131 ile olur.<\/p>\n\n\n\n<p>Tesisin enerji t\u00fcketmesine sebep olan \u0131s\u0131tma, so\u011futma, havaland\u0131rma, ayd\u0131nlatma sistemleri, tesisin mimari yap\u0131s\u0131 ile di\u011fer mekanik ve elektrik sistemleri detayl\u0131 incelenir, analiz edilir ve \u00f6l\u00e7\u00fcmler al\u0131n\u0131r. Ard\u0131ndan sistemlerin verimlilikleri hesaplan\u0131r, sistem verimliliklerini art\u0131rmak i\u00e7in yap\u0131lmas\u0131 gerekenler \u00fczerinde \u00e7al\u0131\u015f\u0131l\u0131r ve verimlilik art\u0131r\u0131c\u0131 projeler \u00fcretilir.<\/p>\n\n\n\n<p>Ar-ge \u00e7al\u0131\u015fmalar\u0131na ve hizmet i\u00e7i e\u011fitime \u00f6nem veren <strong>World Guard<\/strong>; geli\u015fen teknolojiyi, yeni yasalar\u0131 ve y\u00f6netmelikleri s\u00fcrekli takip etmekte, edindi\u011fi bilgileri ve yenilikleri verdi\u011fi hizmet i\u00e7i e\u011fitimler sayesinde t\u00fcm \u00e7al\u0131\u015fanlar\u0131 ile payla\u015fmaktad\u0131r.<\/p>\n","protected":false},"excerpt":{"rendered":"<p>Enerji i\u00e7in harcanan para i\u015fletme b\u00fct\u00e7esinde en \u00e7ok pay ayr\u0131lan ana gider kalemlerinden birini olu\u015fturmaktad\u0131r. Enerji giderlerinde tasarruf sa\u011flamak ve kullan\u0131lan enerjiden maksimum fayda elde etmek, profesyonel enerji y\u00f6netimi gerektir. &#8230;<\/p>\n","protected":false},"author":1,"featured_media":0,"parent":0,"menu_order":0,"comment_status":"closed","ping_status":"closed","template":"template-fullwidth.php","meta":{"footnotes":""},"class_list":["post-1574","page","type-page","status-publish","hentry"],"_links":{"self":[{"href":"https:\/\/worldguard.kod-o.com\/index.php\/wp-json\/wp\/v2\/pages\/1574","targetHints":{"allow":["GET"]}}],"collection":[{"href":"https:\/\/worldguard.kod-o.com\/index.php\/wp-json\/wp\/v2\/pages"}],"about":[{"href":"https:\/\/worldguard.kod-o.com\/index.php\/wp-json\/wp\/v2\/types\/page"}],"author":[{"embeddable":true,"href":"https:\/\/worldguard.kod-o.com\/index.php\/wp-json\/wp\/v2\/users\/1"}],"replies":[{"embeddable":true,"href":"https:\/\/worldguard.kod-o.com\/index.php\/wp-json\/wp\/v2\/comments?post=1574"}],"version-history":[{"count":1,"href":"https:\/\/worldguard.kod-o.com\/index.php\/wp-json\/wp\/v2\/pages\/1574\/revisions"}],"predecessor-version":[{"id":1575,"href":"https:\/\/worldguard.kod-o.com\/index.php\/wp-json\/wp\/v2\/pages\/1574\/revisions\/1575"}],"wp:attachment":[{"href":"https:\/\/worldguard.kod-o.com\/index.php\/wp-json\/wp\/v2\/media?parent=1574"}],"curies":[{"name":"wp","href":"https:\/\/api.w.org\/{rel}","templated":true}]}}