{"id":1577,"date":"2026-02-14T22:25:48","date_gmt":"2026-02-14T22:25:48","guid":{"rendered":"https:\/\/worldguard.kod-o.com\/?page_id=1577"},"modified":"2026-03-25T19:23:40","modified_gmt":"2026-03-25T19:23:40","slug":"peyzaj-bahce-hizmetleri","status":"publish","type":"page","link":"https:\/\/worldguard.kod-o.com\/index.php\/peyzaj-bahce-hizmetleri\/","title":{"rendered":"Peyzaj &#038; Bah\u00e7e Hizmetleri"},"content":{"rendered":"\n<p>G\u00fcn\u00fcm\u00fczde artan site ya\u015fam\u0131 ile birlikte tesis y\u00f6netimi i\u00e7erisinde \u00f6nem kazanan bah\u00e7e bak\u0131m\u0131 ve peyzaj hizmetlerini deneyimli personellerimiz ve \u00f6zel ekipmanlar\u0131m\u0131z ile entegre bir \u015fekilde sunmaktay\u0131z.<\/p>\n\n\n\n<p>Bah\u00e7e bak\u0131m\u0131nda en \u00f6nemli konular\u0131n ba\u015f\u0131nda mevsimsel bak\u0131m ve temizlik gelir. Bah\u00e7enize her mevsime \u00f6zel d\u00fczenleme ve peyzaj yap\u0131lmas\u0131 gerekmektedir. Ayr\u0131ca her bitki t\u00fcr\u00fcn\u00fcn ihtiyac\u0131na g\u00f6re ayr\u0131 ayr\u0131 g\u00fcbrelenmesi ve bitkinin t\u00fcr\u00fcne g\u00f6re topra\u011f\u0131n i\u015flenmesi gerekmektedir.<\/p>\n\n\n\n<p>Mantar, bakteri ve vir\u00fcslerin sebep oldu\u011fu bitki hastal\u0131klar\u0131 ve b\u00f6ceklerin olu\u015fturdu\u011fu sorunlarla m\u00fccadele etmek i\u00e7in periyodik olarak koruma ama\u00e7l\u0131 ila\u00e7lama yapmak, bitki sa\u011fl\u0131\u011f\u0131 i\u00e7in hayati \u00f6nem ta\u015f\u0131maktad\u0131r.<\/p>\n\n\n\n<p>Bah\u00e7e bak\u0131m\u0131 ve peyzaj hizmetleri ile ilgili olarak, konusunda uzman personellerimiz taraf\u0131ndan a\u011fa\u00e7 bak\u0131m\u0131, peyzaj d\u00fczenleme, bi\u00e7me, budama, \u00e7i\u00e7ek dikimi, \u00e7i\u00e7ek bak\u0131m\u0131, zararl\u0131 ot temizli\u011fi, a\u015f\u0131lama, sulama, toprak havaland\u0131rma, tohum ekme, b\u00f6cek kontrol\u00fc, g\u00fcbreleme ve bah\u00e7\u0131van teminine kadar t\u00fcm hizmetleri vermekteyiz.<\/p>\n\n\n\n<p>Ar-ge \u00e7al\u0131\u015fmalar\u0131na ve hizmet i\u00e7i e\u011fitime \u00f6nem veren <strong>World Guard<\/strong>; geli\u015fen teknolojiyi, yeni yasalar\u0131 ve y\u00f6netmelikleri s\u00fcrekli takip etmekte, edindi\u011fi bilgileri ve yenilikleri verdi\u011fi hizmet i\u00e7i e\u011fitimler sayesinde t\u00fcm \u00e7al\u0131\u015fanlar\u0131 ile payla\u015fmaktad\u0131r.<\/p>\n","protected":false},"excerpt":{"rendered":"<p>G\u00fcn\u00fcm\u00fczde artan site ya\u015fam\u0131 ile birlikte tesis y\u00f6netimi i\u00e7erisinde \u00f6nem kazanan bah\u00e7e bak\u0131m\u0131 ve peyzaj hizmetlerini deneyimli personellerimiz ve \u00f6zel ekipmanlar\u0131m\u0131z ile entegre bir \u015fekilde sunmaktay\u0131z. Bah\u00e7e bak\u0131m\u0131nda en \u00f6nemli &#8230;<\/p>\n","protected":false},"author":1,"featured_media":0,"parent":0,"menu_order":0,"comment_status":"closed","ping_status":"closed","template":"template-fullwidth.php","meta":{"footnotes":""},"class_list":["post-1577","page","type-page","status-publish","hentry"],"_links":{"self":[{"href":"https:\/\/worldguard.kod-o.com\/index.php\/wp-json\/wp\/v2\/pages\/1577","targetHints":{"allow":["GET"]}}],"collection":[{"href":"https:\/\/worldguard.kod-o.com\/index.php\/wp-json\/wp\/v2\/pages"}],"about":[{"href":"https:\/\/worldguard.kod-o.com\/index.php\/wp-json\/wp\/v2\/types\/page"}],"author":[{"embeddable":true,"href":"https:\/\/worldguard.kod-o.com\/index.php\/wp-json\/wp\/v2\/users\/1"}],"replies":[{"embeddable":true,"href":"https:\/\/worldguard.kod-o.com\/index.php\/wp-json\/wp\/v2\/comments?post=1577"}],"version-history":[{"count":1,"href":"https:\/\/worldguard.kod-o.com\/index.php\/wp-json\/wp\/v2\/pages\/1577\/revisions"}],"predecessor-version":[{"id":1578,"href":"https:\/\/worldguard.kod-o.com\/index.php\/wp-json\/wp\/v2\/pages\/1577\/revisions\/1578"}],"wp:attachment":[{"href":"https:\/\/worldguard.kod-o.com\/index.php\/wp-json\/wp\/v2\/media?parent=1577"}],"curies":[{"name":"wp","href":"https:\/\/api.w.org\/{rel}","templated":true}]}}